{"id":1770,"date":"2024-01-28T15:50:21","date_gmt":"2024-01-28T14:50:21","guid":{"rendered":"https:\/\/adsuarabogada.es\/?page_id=1770"},"modified":"2024-03-14T00:10:53","modified_gmt":"2024-03-13T23:10:53","slug":"politica-de-cookies","status":"publish","type":"page","link":"https:\/\/adsuarlegal.com\/ca\/politica-de-cookies\/","title":{"rendered":"Pol\u00edtica de cookies"},"content":{"rendered":"<h3><\/h3>\n<h3>Us informem que aquesta p\u00e0gina web utilitza cookies t\u00e8cniques de sessi\u00f3.<\/h3>\n<p>Les galetes s\u00f3n petits arxius que algunes plataformes, com les p\u00e0gines web, poden instal\u00b7lar al vostre ordinador. Les seves funcions poden ser molt variades: emmagatzemar les prefer\u00e8ncies de navegaci\u00f3, recopilar informaci\u00f3 estad\u00edstica, permetre certes funcionalitats t\u00e8cniques, etc. De vegades, les galetes s&#039;utilitzen per emmagatzemar informaci\u00f3 b\u00e0sica sobre els h\u00e0bits de navegaci\u00f3 de l&#039;usuari o del seu equip, fins al punt, segons els casos, de poder-lo recon\u00e8ixer.<br \/>\nHi ha diferents tipus de cookies:<\/p>\n<p><strong>Cookies pr\u00f2pies<\/strong><\/p>\n<p>S\u00f3n les que s&#039;envien a l&#039;equip terminal de l&#039;usuari des d&#039;un equip o domini gestionat pel mateix editor i des del qual es presta el servei sol\u00b7licitat per l&#039;usuari. Les cookies t\u00e8cniques s\u00f3n aquelles imprescindibles i estrictament necess\u00e0ries per al funcionament correcte d&#039;un portal web i la utilitzaci\u00f3 de les diferents opcions i serveis que ofereix.<\/p>\n<p><strong>Galetes de tercers<\/strong><\/p>\n<p>S\u00f3n aquelles que s&#039;envien a l&#039;equip terminal de l&#039;usuari des d&#039;un equip o domini que no \u00e9s gestionat per l&#039;editor, sin\u00f3 per una altra entitat que tracta les dades obtingudes a trav\u00e9s de les galetes.<\/p>\n<p>S&#039;utilitzen galetes t\u00e8cniques. Les cookies t\u00e8cniques s\u00f3n aquelles imprescindibles i estrictament necess\u00e0ries per al funcionament correcte d&#039;un portal web i la utilitzaci\u00f3 de les diferents opcions i serveis que ofereix. Per exemple, les que serveixen per al manteniment de la sessi\u00f3, la gesti\u00f3 del temps de resposta, el rendiment o la validaci\u00f3 d&#039;opcions, utilitzar elements de seguretat, compartir contingut amb xarxes socials, etc.<\/p>\n<p>Tamb\u00e9 es poden utilitzar cookies de personalitzaci\u00f3. Aquestes galetes permeten a l&#039;usuari especificar o personalitzar algunes caracter\u00edstiques de les opcions generals de la p\u00e0gina web. Per exemple, definir l&#039;idioma, la configuraci\u00f3 regional o el tipus de navegador.<\/p>\n<p>Per permetre, con\u00e8ixer, bloquejar o eliminar les cookies instal\u00b7lades al vostre equip podeu fer-ho mitjan\u00e7ant la configuraci\u00f3 de les opcions del navegador instal\u00b7lat al vostre ordinador. A continuaci\u00f3 trobareu informaci\u00f3 de com realitzar aquesta operaci\u00f3 als principals navegadors:<\/p>\n<p>Firefox des d&#039;aqu\u00ed: <a href=\"http:\/\/support.mozilla.org\/es\/kb\/habilitar-y-deshabilitar-cookies-que-los-sitios-we\" target=\"_blank\" rel=\"noopener\">http:\/\/support.mozilla.org\/es\/kb\/habilitar-y-deshabilitar-cookies-que-los-sitios-we<\/a><\/p>\n<p>Chrome des d&#039;aqu\u00ed: <a href=\"http:\/\/support.google.com\/chrome\/bin\/answer.py?hl=es&amp;answer=95647\" target=\"_blank\" rel=\"noopener\">http:\/\/support.google.com\/chrome\/bin\/answer.py?hl=es&amp;answer=95647<\/a><\/p>\n<p>Internet Explorer des d&#039;aqu\u00ed: <a href=\"https:\/\/support.microsoft.com\/es-es\/help\/17442\/windows-internet-explorer-delete-manage-cookies\" target=\"_blank\" rel=\"noopener\">https:\/\/support.microsoft.com\/es-es\/help\/17442\/windows-internet-explorer-delete-manage-cookies<\/a><\/p>\n<p>Safari des d&#039;aqu\u00ed: <a href=\"https:\/\/support.apple.com\/kb\/PH19214?viewlocale=es_ES&amp;locale=es_ES\" target=\"_blank\" rel=\"noopener\">https:\/\/support.apple.com\/kb\/PH19214?viewlocale=es_ES&amp;locale=es_ES<\/a><\/p>\n<p>Opera des d&#039;aqu\u00ed: <a href=\"http:\/\/help.opera.com\/Windows\/11.50\/es-ES\/cookies.html\" target=\"_blank\" rel=\"noopener\">http:\/\/help.opera.com\/Windows\/11.50\/es-ES\/cookies.html<\/a><\/p>\n<p>Per complir amb la legislaci\u00f3 vigent, hem de demanar el vostre perm\u00eds per gestionar cookies. Si decideix no autoritzar el tractament indicant-nos la seva no conformitat, nom\u00e9s far\u00edem servir les cookies que s\u00f3n imprescindibles per a la navegaci\u00f3 per la nostra web. En aquest cas, no emmagatzemar\u00edem cap galeta.<\/p>\n<p><strong>Data de la darrera publicaci\u00f3: 21 de febrer de 2024<\/strong><\/p>","protected":false},"excerpt":{"rendered":"<p>Le informamos que esta p\u00e1gina web utiliza cookies t\u00e9cnicas de sesi\u00f3n. Las cookies son peque\u00f1os archivos que algunas plataformas, como las p\u00e1ginas web, pueden instalar en su ordenador. Sus funciones pueden ser muy variadas: almacenar sus preferencias de navegaci\u00f3n, recopilar informaci\u00f3n estad\u00edstica, permitir ciertas funcionalidades t\u00e9cnicas, etc. En ocasiones, las cookies se utilizan para almacenar [&hellip;]<\/p>","protected":false},"author":2,"featured_media":0,"parent":0,"menu_order":0,"comment_status":"closed","ping_status":"closed","template":"","meta":{"site-sidebar-layout":"default","site-content-layout":"","ast-site-content-layout":"default","site-content-style":"default","site-sidebar-style":"default","ast-global-header-display":"","ast-banner-title-visibility":"","ast-main-header-display":"","ast-hfb-above-header-display":"","ast-hfb-below-header-display":"","ast-hfb-mobile-header-display":"","site-post-title":"","ast-breadcrumbs-content":"","ast-featured-img":"","footer-sml-layout":"","theme-transparent-header-meta":"default","adv-header-id-meta":"","stick-header-meta":"default","header-above-stick-meta":"","header-main-stick-meta":"","header-below-stick-meta":"","astra-migrate-meta-layouts":"set","ast-page-background-enabled":"default","ast-page-background-meta":{"desktop":{"background-color":"","background-image":"","background-repeat":"repeat","background-position":"center center","background-size":"auto","background-attachment":"scroll","background-type":"","background-media":"","overlay-type":"","overlay-color":"","overlay-gradient":""},"tablet":{"background-color":"","background-image":"","background-repeat":"repeat","background-position":"center center","background-size":"auto","background-attachment":"scroll","background-type":"","background-media":"","overlay-type":"","overlay-color":"","overlay-gradient":""},"mobile":{"background-color":"","background-image":"","background-repeat":"repeat","background-position":"center center","background-size":"auto","background-attachment":"scroll","background-type":"","background-media":"","overlay-type":"","overlay-color":"","overlay-gradient":""}},"ast-content-background-meta":{"desktop":{"background-color":"var(--ast-global-color-5)","background-image":"","background-repeat":"repeat","background-position":"center center","background-size":"auto","background-attachment":"scroll","background-type":"","background-media":"","overlay-type":"","overlay-color":"","overlay-gradient":""},"tablet":{"background-color":"var(--ast-global-color-5)","background-image":"","background-repeat":"repeat","background-position":"center center","background-size":"auto","background-attachment":"scroll","background-type":"","background-media":"","overlay-type":"","overlay-color":"","overlay-gradient":""},"mobile":{"background-color":"var(--ast-global-color-5)","background-image":"","background-repeat":"repeat","background-position":"center center","background-size":"auto","background-attachment":"scroll","background-type":"","background-media":"","overlay-type":"","overlay-color":"","overlay-gradient":""}},"footnotes":""},"class_list":["post-1770","page","type-page","status-publish","hentry"],"_links":{"self":[{"href":"https:\/\/adsuarlegal.com\/ca\/wp-json\/wp\/v2\/pages\/1770","targetHints":{"allow":["GET"]}}],"collection":[{"href":"https:\/\/adsuarlegal.com\/ca\/wp-json\/wp\/v2\/pages"}],"about":[{"href":"https:\/\/adsuarlegal.com\/ca\/wp-json\/wp\/v2\/types\/page"}],"author":[{"embeddable":true,"href":"https:\/\/adsuarlegal.com\/ca\/wp-json\/wp\/v2\/users\/2"}],"replies":[{"embeddable":true,"href":"https:\/\/adsuarlegal.com\/ca\/wp-json\/wp\/v2\/comments?post=1770"}],"version-history":[{"count":4,"href":"https:\/\/adsuarlegal.com\/ca\/wp-json\/wp\/v2\/pages\/1770\/revisions"}],"predecessor-version":[{"id":2361,"href":"https:\/\/adsuarlegal.com\/ca\/wp-json\/wp\/v2\/pages\/1770\/revisions\/2361"}],"wp:attachment":[{"href":"https:\/\/adsuarlegal.com\/ca\/wp-json\/wp\/v2\/media?parent=1770"}],"curies":[{"name":"wp","href":"https:\/\/api.w.org\/{rel}","templated":true}]}}