{"id":1773,"date":"2024-01-28T15:58:01","date_gmt":"2024-01-28T14:58:01","guid":{"rendered":"https:\/\/adsuarabogada.es\/?page_id=1773"},"modified":"2024-03-14T00:20:41","modified_gmt":"2024-03-13T23:20:41","slug":"aviso-legal","status":"publish","type":"page","link":"https:\/\/adsuarlegal.com\/ca\/avis-legal\/","title":{"rendered":"Avis legal"},"content":{"rendered":"<p>Als efectes del que preveu la Llei 34\/2002 d&#039;11 de juliol de Serveis de la Societat de la Informaci\u00f3 i del Comer\u00e7 Electr\u00f2nic, (d&#039;ara endavant, la LSSICE), es posa en coneixement de l&#039;usuari, (d&#039;ara endavant, l&#039;USUARI ), que accedeix a aquesta p\u00e0gina web amb el domini, https:\/\/adsuarlegal.com\/, (d&#039;ara endavant, la WEB), la seg\u00fcent INFORMACI\u00d3 GENERAL SOBRE EL<\/p>\n<p>&nbsp;<\/p>\n<p><strong>Prestador del Servei:<\/strong><br \/>\n<strong>IOLANDA ADSUAR PRIET<\/strong><br \/>\n<strong>Domicili social:<\/strong> Carrer Bol\u00edvia 115, 08018 de Barcelona<br \/>\n<strong>Adre\u00e7a d&#039;acc\u00e9s:<\/strong> Carrer Bol\u00edvia 115, 08018 de Barcelona<br \/>\n<strong>NIF:<\/strong> n\u00fam. 53.080.228T<br \/>\nCol\u00b7legiada n\u00fam. 28.860 a l&#039;Il\u00b7lustre Col\u00b7legi d&#039;Advocats de Barcelona<br \/>\nCorreu: <a href=\"mailto:yoliads@hotmail.com\">yoliads@hotmail.com<\/a><br \/>\nTel\u00e8fon: 625 611 428<\/p>\n<p>&nbsp;<\/p>\n<p><strong>Aix\u00ed mateix, YOLANDA ADSUAR informa a l&#039;USUARI dels seg\u00fcents termes i condicions:<\/strong><\/p>\n<p><strong>1. Condicions generals d\u00fas de la web<\/strong><br \/>\nEls continguts, activitats comercials i serveis, en general, prestats a trav\u00e9s de la WEB estan sotmesos als termes i condicions previstos en aquest \u201cAv\u00eds Legal\u201d (d&#039;ara endavant, l&#039;AV\u00cdS) i compleixen amb la legislaci\u00f3 espanyola vigent, en especial, amb l&#039;esmentada LSSICE, amb el Reglament (UE) 2016\/679 del Parlament Europeu i del Consell, de 27 d&#039;abril del 2016, relatiu a la protecci\u00f3 de les persones f\u00edsiques pel que fa al tractament de dades personals ia la lliure circulaci\u00f3 d&#039;aquests dades (d&#039;ara endavant, la RGPD) i la Llei Org\u00e0nica 3\/2018 de 5 de desembre, de Protecci\u00f3 de Dades de Car\u00e0cter Personal i Garantia dels Drets Digitals (d&#039;ara endavant, la LOPD GDD).<\/p>\n<p>En conseq\u00fc\u00e8ncia, el simple acc\u00e9s i la utilitzaci\u00f3 de la WEB per qualsevol persona implica l&#039;atribuci\u00f3 de la condici\u00f3 d&#039;USUARI i l&#039;acceptaci\u00f3 plena de tots els termes i condicions recollits en aquest AV\u00cdS des del mateix moment que s&#039;accedeix a la WEB.<\/p>\n<p>L&#039;acc\u00e9s a la WEB, aix\u00ed com la sol\u00b7licitud de tota mena d&#039;informaci\u00f3 s\u00f3n totalment gratu\u00efts.<\/p>\n<p><strong>2. Tractament de les dades segons les finalitats<\/strong><br \/>\nYOLANDA ADSUAR obt\u00e9 dades de car\u00e0cter personal a trav\u00e9s dels formularis de contacte de la web, de les persones que remetin alguna consulta, sol\u00b7licitud i\/o comentari.<br \/>\nDe conformitat amb la normativa vigent en Protecci\u00f3 de dades, en concret, del Reglament (UE) 2016\/679 del Parlament Europeu i del Consell, de 27 d&#039;abril de 2016, les dades de car\u00e0cter personal facilitades a YOLANDA ADSUAR a trav\u00e9s del present portal web passaran a formar part dels seus sistemes dinformaci\u00f3 que compleixen amb les mesures de seguretat exigides a fi de garantir la confidencialitat, integritat, seguretat i recuperaci\u00f3 de la informaci\u00f3.<br \/>\nLes finalitats per a les quals es demanen aquestes dades s\u00f3n les de poder donar resposta a les seves consultes referents als serveis que oferim.<br \/>\nA m\u00e9s, de la resposta puntual a les vostres consultes, podrem, si ens autoritza, remetre-li informaci\u00f3 divulgativa que pogu\u00e9s ser d&#039;inter\u00e8s per mitjans electr\u00f2nics.<br \/>\nLes vostres dades es conservaran durant el termini que consti Ut. inscrit per rebre la informaci\u00f3 sol\u00b7licitada, sent el seu consentiment revocable, aquest podr\u00e0 ser retirat en qualsevol moment a trav\u00e9s del link que acompanya cada enviament per comunicar-nos la seva BAIXA o b\u00e9 a trav\u00e9s d&#039;un correu electr\u00f2nic a l&#039;adre\u00e7a yolanda@adsuarlegal.com. Des d&#039;aquell moment ja no rebr\u00e0 cap comunicaci\u00f3 per part nostra.<br \/>\nNo es procedir\u00e0 a la comunicaci\u00f3 ni cessi\u00f3 de les vostres dades, en cap cas.<br \/>\nTeniu dret a obtenir confirmaci\u00f3 sobre si estem tractant les vostres dades personals, per tant, teniu dret a accedir a les vostres dades personals (Dret d&#039;Acc\u00e9s), teniu dret a rectificar les dades inexactes (Dret de Rectificaci\u00f3) oa sol\u00b7licitar la vostra supressi\u00f3 (Dret de supressi\u00f3) quan les dades ja no siguin necess\u00e0ries, t\u00e9 dret a exercitar la seva oposici\u00f3 al tractament de dades (Dret d&#039;oposici\u00f3), a exercitar el seu dret a la limitaci\u00f3 al tractament, aix\u00ed com tindr\u00e0 dret a la portabilitat de les seves dades, de ser el cas. Tot aix\u00f2 mitjan\u00e7ant escrit dirigit a les nostres adreces d&#039;acc\u00e9s al Carrer Bol\u00edvia 115, 08018 de Barcelona, Espanya o b\u00e9 a trav\u00e9s del correu electr\u00f2nic yolanda@adsuarlegal.com de conformitat amb el procediment dels articles 15 a 23 del Reglament (UE) 2016\/ 679 del Parlament Europeu i del Consell, de 27 dabril de 2016.<br \/>\nAix\u00ed mateix, us informem del vostre dret a presentar una reclamaci\u00f3 davant l&#039;Autoritat de Control competent en mat\u00e8ria de protecci\u00f3 de dades (www.aepd.es) d&#039;entendre vulnerat algun d&#039;aquests drets<br \/>\nYOLANDA ADSUAR, declara tenir implementades les mesures de seguretat d&#039;\u00edndole t\u00e8cnica i organitzativa necess\u00e0ries que garanteixin la seguretat de les dades i evitin la seva alteraci\u00f3, p\u00e8rdua, tractament o acc\u00e9s no autoritzat, tenint en compte l&#039;estat de la tecnologia, la naturalesa de les dades emmagatzemades i els riscos a qu\u00e8 estan exposats, ja provinguin de l&#039;acci\u00f3 humana o del medi f\u00edsic o natural.<br \/>\nPer protegir la intimitat dels USUARIS, queda prohibit enviar qualsevol dada referent a la seva ideologia, religi\u00f3, creences, origen racial i vida sexual a trav\u00e9s dels nostres formularis.<br \/>\nAix\u00ed mateix, us informem que, en cap cas, es realitzaran decisions individuals automatitzades ni elaboraci\u00f3 de perfils.<\/p>\n<p><strong>3. Pol\u00edtica de correus comercials<\/strong><br \/>\nD&#039;acord amb la LSSICE, YOLANDA ADSUAR no realitza pr\u00e0ctiques de correu brossa, per la qual cosa no envia correus comercials per via electr\u00f2nica que no hagin estat pr\u00e8viament sol\u00b7licitats o autoritzats per l&#039;USUARI.<br \/>\nAix\u00ed mateix, s&#039;informa a l&#039;USUARI que, d&#039;acord amb la LSSICE, les seves dades poden ser utilitzades per enviar-li els esmentats correus comercials per via electr\u00f2nica, sense el seu consentiment previ, sempre que versin sobre productes o serveis similars als que inicialment van ser objecte de contractaci\u00f3 o consulta. Aix\u00f2 no obstant, l&#039;usuari o client es pot oposar en qualsevol moment a l&#039;enviament dels correus comercials esmentats mitjan\u00e7ant comunicaci\u00f3 escrita adre\u00e7ada al domicili social de YOLANDA ADSUAR oa l&#039;adre\u00e7a de correu electr\u00f2nic que consten a la informaci\u00f3 general d&#039;aquest AV\u00cdS.<\/p>\n<p><strong>4. Links i hipervincles<\/strong><br \/>\nDes de la p\u00e0gina web de https:\/\/adsuarlegal.com\/, de vegades, es podr\u00e0 accedir a altres p\u00e0gines web, a trav\u00e9s de links, o hipervincles. YOLANDA ADSUAR no es fa responsable de l&#039;estat de les pol\u00edtiques de seguretat, privadesa i protecci\u00f3 de dades de car\u00e0cter personal, recomanant als usuaris que, si accedeixen a aquestes p\u00e0gines, s&#039;informin en primer lloc del contingut de les mateixes.<\/p>\n<p>Com que YOLANDA ADSUAR no t\u00e9 control sobre aquests llocs i recursos, l&#039;usuari accepta i acorda que el titular de la web no ser\u00e0 responsable de la disponibilitat d&#039;aquests llocs i recursos externs, i no els d\u00f3na suport ni \u00e9s responsable o t\u00e9 obligaci\u00f3 legal per el contingut, comercialitzaci\u00f3, productes o altres materials als llocs o recursos, o disponibles des dels mateixos. L&#039;usuari accepta i acorda que YOLANDA ADSUAR no ser\u00e0 responsable ni estar\u00e0 obligat, directament o indirectament, per cap dany o p\u00e8rdua causada per, o en connexi\u00f3 amb l&#039;\u00fas o confian\u00e7a en qualsevol contingut, b\u00e9ns o serveis disponibles a trav\u00e9s de qualsevol lloc o recurs .<\/p>\n<p><strong>5. Informaci\u00f3 sobre recursos t\u00e8cnics<\/strong><br \/>\nYOLANDA ADSUAR no garanteix l&#039;acc\u00e9s continu als continguts de la seva p\u00e0gina web, ni l&#039;abs\u00e8ncia de virus i\/o altres components nocius al web o als seus servidors, ni tampoc la correcta visualitzaci\u00f3 o desc\u00e0rrega que es pot veure impedida, dificultat o interrompuda per factors o circumst\u00e0ncies alienes a lempresa.<\/p>\n<p>L&#039;empresa no es responsabilitza de possibles danys o perjudicis produ\u00efts per interfer\u00e8ncies, interrupcions o desconnexions al sistema que siguin aliens al seu control ni tampoc de possibles danys causats al sistema inform\u00e0tic de l&#039;usuari (hardware i software) com a conseq\u00fc\u00e8ncia de l&#039;acc\u00e9s a la web . Per tant, l&#039;acc\u00e9s a la nostra p\u00e0gina web i la navegaci\u00f3 per aquesta es fa sota la responsabilitat de l&#039;usuari<br \/>\nYOLANDA ADSUAR proporciona als Usuaris els recursos t\u00e8cnics adequats perqu\u00e8, amb car\u00e0cter previ, puguin accedir a aquest av\u00eds legal oa qualsevol altra informaci\u00f3 rellevant i puguin prestar el seu consentiment lliurement.<\/p>\n<p><strong>Data de la darrera publicaci\u00f3: 21 de febrer de 2024<\/strong><\/p>","protected":false},"excerpt":{"rendered":"<p>A los efectos de lo previsto en la Ley 34\/2002 de 11 de julio de Servicios de la Sociedad de la Informaci\u00f3n y del Comercio Electr\u00f3nico, (en adelante, la LSSICE), se pone en conocimiento del usuario, (en adelante, el USUARIO), que accede a esta p\u00e1gina web con el dominio, https:\/\/adsuarlegal.com\/, (en adelante, la WEB), la [&hellip;]<\/p>","protected":false},"author":2,"featured_media":0,"parent":0,"menu_order":0,"comment_status":"closed","ping_status":"closed","template":"","meta":{"site-sidebar-layout":"default","site-content-layout":"","ast-site-content-layout":"default","site-content-style":"default","site-sidebar-style":"default","ast-global-header-display":"","ast-banner-title-visibility":"","ast-main-header-display":"","ast-hfb-above-header-display":"","ast-hfb-below-header-display":"","ast-hfb-mobile-header-display":"","site-post-title":"","ast-breadcrumbs-content":"","ast-featured-img":"","footer-sml-layout":"","theme-transparent-header-meta":"default","adv-header-id-meta":"","stick-header-meta":"default","header-above-stick-meta":"","header-main-stick-meta":"","header-below-stick-meta":"","astra-migrate-meta-layouts":"set","ast-page-background-enabled":"default","ast-page-background-meta":{"desktop":{"background-color":"","background-image":"","background-repeat":"repeat","background-position":"center center","background-size":"auto","background-attachment":"scroll","background-type":"","background-media":"","overlay-type":"","overlay-color":"","overlay-gradient":""},"tablet":{"background-color":"","background-image":"","background-repeat":"repeat","background-position":"center center","background-size":"auto","background-attachment":"scroll","background-type":"","background-media":"","overlay-type":"","overlay-color":"","overlay-gradient":""},"mobile":{"background-color":"","background-image":"","background-repeat":"repeat","background-position":"center center","background-size":"auto","background-attachment":"scroll","background-type":"","background-media":"","overlay-type":"","overlay-color":"","overlay-gradient":""}},"ast-content-background-meta":{"desktop":{"background-color":"var(--ast-global-color-5)","background-image":"","background-repeat":"repeat","background-position":"center center","background-size":"auto","background-attachment":"scroll","background-type":"","background-media":"","overlay-type":"","overlay-color":"","overlay-gradient":""},"tablet":{"background-color":"var(--ast-global-color-5)","background-image":"","background-repeat":"repeat","background-position":"center center","background-size":"auto","background-attachment":"scroll","background-type":"","background-media":"","overlay-type":"","overlay-color":"","overlay-gradient":""},"mobile":{"background-color":"var(--ast-global-color-5)","background-image":"","background-repeat":"repeat","background-position":"center center","background-size":"auto","background-attachment":"scroll","background-type":"","background-media":"","overlay-type":"","overlay-color":"","overlay-gradient":""}},"footnotes":""},"class_list":["post-1773","page","type-page","status-publish","hentry"],"_links":{"self":[{"href":"https:\/\/adsuarlegal.com\/ca\/wp-json\/wp\/v2\/pages\/1773","targetHints":{"allow":["GET"]}}],"collection":[{"href":"https:\/\/adsuarlegal.com\/ca\/wp-json\/wp\/v2\/pages"}],"about":[{"href":"https:\/\/adsuarlegal.com\/ca\/wp-json\/wp\/v2\/types\/page"}],"author":[{"embeddable":true,"href":"https:\/\/adsuarlegal.com\/ca\/wp-json\/wp\/v2\/users\/2"}],"replies":[{"embeddable":true,"href":"https:\/\/adsuarlegal.com\/ca\/wp-json\/wp\/v2\/comments?post=1773"}],"version-history":[{"count":7,"href":"https:\/\/adsuarlegal.com\/ca\/wp-json\/wp\/v2\/pages\/1773\/revisions"}],"predecessor-version":[{"id":2370,"href":"https:\/\/adsuarlegal.com\/ca\/wp-json\/wp\/v2\/pages\/1773\/revisions\/2370"}],"wp:attachment":[{"href":"https:\/\/adsuarlegal.com\/ca\/wp-json\/wp\/v2\/media?parent=1773"}],"curies":[{"name":"wp","href":"https:\/\/api.w.org\/{rel}","templated":true}]}}