{"id":3,"date":"2024-01-18T09:57:52","date_gmt":"2024-01-18T09:57:52","guid":{"rendered":"http:\/\/adsuarabogada.es\/?page_id=3"},"modified":"2024-03-14T00:12:28","modified_gmt":"2024-03-13T23:12:28","slug":"politica-de-privacidad","status":"publish","type":"page","link":"https:\/\/adsuarlegal.com\/ca\/politica-de-privadesa\/","title":{"rendered":"Pol\u00edtica de privadesa"},"content":{"rendered":"<h6>Us informem que la informaci\u00f3 remesa a trav\u00e9s del present formulari de contacte web quedar\u00e0 incorporada als sistemes d&#039;informaci\u00f3 de YOLANDA ADSUAR.<\/h6>\n<p>&nbsp;<\/p>\n<p>La finalitat del tractament de les dades que ens remeti ser\u00e0 donar resposta a les consultes que ens plantegi respecte als serveis detallats a la web aix\u00ed com per atendre dubtes de les mat\u00e8ries jur\u00eddiques plantejades.<\/p>\n<p>De conformitat amb la normativa vigent en Protecci\u00f3 de dades, en concret, del Reglament (UE) 2016\/679 del Parlament Europeu i del Consell, de 27 d&#039;abril del 2016, relatiu a la protecci\u00f3 de dades, aquesta informaci\u00f3 s&#039;utilitzar\u00e0 amb les finalitats determinades i se cedir\u00e0 o comunicar\u00e0, \u00fanicament, quan una Llei ho exigeixi i als encarregats de tractament amb qu\u00e8 es contracten serveis imprescindibles per a la realitzaci\u00f3 de les finalitats, amb els quals se subscriuen els contractes oportuns.<br \/>\nAix\u00ed mateix, excepcionalment, es podr\u00e0 utilitzar la dada del correu electr\u00f2nic per fer-li arribar informaci\u00f3 referent als nostres serveis, sempre que ens autoritzi expressament. Aquestes dades no es comunicaran ni cediran en cap cas, llevat dels organismes p\u00fablics que les sol\u00b7licitin a l&#039;empara de la Llei. La seva informaci\u00f3 es conservar\u00e0 de manera indefinida.<\/p>\n<p>La base jur\u00eddica per a aquest tractament \u00e9s, per tant, el consentiment que ens presta mitjan\u00e7ant l&#039;acceptaci\u00f3 d&#039;aquesta Pol\u00edtica de Privadesa.<\/p>\n<p>Vost\u00e8 en qualsevol moment, tindr\u00e0 dret a obtenir confirmaci\u00f3 sobre si estem tractant les seves dades personals, per tant, t\u00e9 dret a accedir a les seves dades personals, t\u00e9 dret a rectificar les dades inexactes o sol\u00b7licitar la seva supressi\u00f3 quan les dades ja no siguin necess\u00e0ries, t\u00e9 dret a exercitar la seva oposici\u00f3 al tractament de dades, a exercitar la limitaci\u00f3 al tractament, tindr\u00e0 dret a la portabilitat de les seves dades, si \u00e9s el cas, aix\u00ed com dret a no ser objecte de decisions individualitzades automatitzades, inclosa l&#039;elaboraci\u00f3 de perfils. Tot aix\u00f2 mitjan\u00e7ant escrit dirigit a les nostres adreces d&#039;acc\u00e9s al Carrer Bol\u00edvia 115, 08018 de Barcelona o b\u00e9 a trav\u00e9s del correu electr\u00f2nic <a href=\"mailto:dsv@dsv.com\">yolanda@adsuarlegal.com<\/a>, de conformitat amb el procediment dels articles 15 a 23 del Reglament (UE) 2016\/679 del Parlament Europeu i del Consell, de 27 d&#039;abril de 2016. Us informem tamb\u00e9 de la vostra possibilitat de presentar una reclamaci\u00f3 davant l&#039;Ag\u00e8ncia Espanyola de Protecci\u00f3 de dades, www.aepd.es, si considera que el tractament no s&#039;ajusta a la normativa vigent.<\/p>\n<p>YOLANDA ADSUAR declara tenir implementades les mesures de seguretat d&#039;\u00edndole t\u00e8cnica i organitzativa necess\u00e0ries que garanteixin la seguretat de les dades i evitin la seva alteraci\u00f3, p\u00e8rdua, tractament o acc\u00e9s no autoritzat, tenint en compte l&#039;estat de la tecnologia, la naturalesa de les dades emmagatzemades i els riscos a qu\u00e8 estan exposats, ja provinguin de l&#039;acci\u00f3 humana o del medi f\u00edsic o natural.<\/p>\n<p>Per protegir la intimitat dels USUARIS, queda prohibit enviar qualsevol dada referent a la seva ideologia, religi\u00f3, creences, origen racial, salut, i vida sexual a trav\u00e9s dels nostres formularis.<\/p>\n<p>Aix\u00ed mateix, us informem que, en cap cas, es realitzaran decisions individuals automatitzades ni elaboraci\u00f3 de perfils.<\/p>\n<p>Aquesta declaraci\u00f3 de privadesa es regeix per la Llei espanyola. Per tant, les parts se sotmeten, a la seva elecci\u00f3, per a la resoluci\u00f3 de conflictes i amb ren\u00fancia a qualsevol altre fur, als jutjats i tribunals del partit judicial de Barcelona.<\/p>\n<p>A m\u00e9s, us recordem que podeu accedir a la plataforma de resoluci\u00f3 de litigis en l\u00ednia de la Uni\u00f3 Europea seguint aquest enlla\u00e7: <a href=\"https:\/\/ec.europa.eu\/consumers\/odr\/main\/?event=main.home2.show\" target=\"_blank\" rel=\"noopener\">https:\/\/ec.europa.eu\/consumers\/odr\/main\/?event=main.home2.show<\/a><\/p>\n<p><strong>Darrera publicaci\u00f3: 21 de febrer de 2024<\/strong><\/p>","protected":false},"excerpt":{"rendered":"<p>Le informamos que la informaci\u00f3n remitida a trav\u00e9s del presente formulario de contacto web quedar\u00e1 incorporada a los sistemas de informaci\u00f3n de YOLANDA ADSUAR. &nbsp; La finalidad del tratamiento de los datos que nos remita ser\u00e1 dar respuesta a las consultas que nos plantee respecto a los servicios detallados en la web as\u00ed como para [&hellip;]<\/p>","protected":false},"author":2,"featured_media":0,"parent":0,"menu_order":0,"comment_status":"closed","ping_status":"closed","template":"","meta":{"site-sidebar-layout":"default","site-content-layout":"","ast-site-content-layout":"default","site-content-style":"default","site-sidebar-style":"default","ast-global-header-display":"","ast-banner-title-visibility":"","ast-main-header-display":"","ast-hfb-above-header-display":"","ast-hfb-below-header-display":"","ast-hfb-mobile-header-display":"","site-post-title":"","ast-breadcrumbs-content":"","ast-featured-img":"","footer-sml-layout":"","theme-transparent-header-meta":"default","adv-header-id-meta":"","stick-header-meta":"default","header-above-stick-meta":"","header-main-stick-meta":"","header-below-stick-meta":"","astra-migrate-meta-layouts":"set","ast-page-background-enabled":"default","ast-page-background-meta":{"desktop":{"background-color":"","background-image":"","background-repeat":"repeat","background-position":"center center","background-size":"auto","background-attachment":"scroll","background-type":"","background-media":"","overlay-type":"","overlay-color":"","overlay-gradient":""},"tablet":{"background-color":"","background-image":"","background-repeat":"repeat","background-position":"center center","background-size":"auto","background-attachment":"scroll","background-type":"","background-media":"","overlay-type":"","overlay-color":"","overlay-gradient":""},"mobile":{"background-color":"","background-image":"","background-repeat":"repeat","background-position":"center center","background-size":"auto","background-attachment":"scroll","background-type":"","background-media":"","overlay-type":"","overlay-color":"","overlay-gradient":""}},"ast-content-background-meta":{"desktop":{"background-color":"var(--ast-global-color-5)","background-image":"","background-repeat":"repeat","background-position":"center center","background-size":"auto","background-attachment":"scroll","background-type":"","background-media":"","overlay-type":"","overlay-color":"","overlay-gradient":""},"tablet":{"background-color":"var(--ast-global-color-5)","background-image":"","background-repeat":"repeat","background-position":"center center","background-size":"auto","background-attachment":"scroll","background-type":"","background-media":"","overlay-type":"","overlay-color":"","overlay-gradient":""},"mobile":{"background-color":"var(--ast-global-color-5)","background-image":"","background-repeat":"repeat","background-position":"center center","background-size":"auto","background-attachment":"scroll","background-type":"","background-media":"","overlay-type":"","overlay-color":"","overlay-gradient":""}},"footnotes":""},"class_list":["post-3","page","type-page","status-publish","hentry"],"_links":{"self":[{"href":"https:\/\/adsuarlegal.com\/ca\/wp-json\/wp\/v2\/pages\/3","targetHints":{"allow":["GET"]}}],"collection":[{"href":"https:\/\/adsuarlegal.com\/ca\/wp-json\/wp\/v2\/pages"}],"about":[{"href":"https:\/\/adsuarlegal.com\/ca\/wp-json\/wp\/v2\/types\/page"}],"author":[{"embeddable":true,"href":"https:\/\/adsuarlegal.com\/ca\/wp-json\/wp\/v2\/users\/2"}],"replies":[{"embeddable":true,"href":"https:\/\/adsuarlegal.com\/ca\/wp-json\/wp\/v2\/comments?post=3"}],"version-history":[{"count":5,"href":"https:\/\/adsuarlegal.com\/ca\/wp-json\/wp\/v2\/pages\/3\/revisions"}],"predecessor-version":[{"id":2363,"href":"https:\/\/adsuarlegal.com\/ca\/wp-json\/wp\/v2\/pages\/3\/revisions\/2363"}],"wp:attachment":[{"href":"https:\/\/adsuarlegal.com\/ca\/wp-json\/wp\/v2\/media?parent=3"}],"curies":[{"name":"wp","href":"https:\/\/api.w.org\/{rel}","templated":true}]}}