{"id":1770,"date":"2024-01-28T15:50:21","date_gmt":"2024-01-28T14:50:21","guid":{"rendered":"https:\/\/adsuarabogada.es\/?page_id=1770"},"modified":"2024-03-14T00:10:53","modified_gmt":"2024-03-13T23:10:53","slug":"politica-de-cookies","status":"publish","type":"page","link":"https:\/\/adsuarlegal.com\/en\/cookies-policy\/","title":{"rendered":"Cookies policy"},"content":{"rendered":"<h3><\/h3>\n<h3>We inform you that this website uses technical session cookies.<\/h3>\n<p>Cookies are small files that some platforms, such as websites, can install on your computer. Its functions can be very varied: storing your browsing preferences, collecting statistical information, allowing certain technical functionalities, etc. Sometimes, cookies are used to store basic information about the browsing habits of the user or their equipment, to the point, depending on the case, of being able to recognize it.<br \/>\nThere are different types of cookies:<\/p>\n<p><strong>Own cookies<\/strong><\/p>\n<p>They are those that are sent to the user&#039;s terminal equipment from a computer or domain managed by the editor itself and from which the service requested by the user is provided. Technical cookies are those essential and strictly necessary for the correct functioning of a web portal and the use of the different options and services it offers.<\/p>\n<p><strong>Third party cookies<\/strong><\/p>\n<p>They are those that are sent to the user&#039;s terminal equipment from a computer or domain that is not managed by the editor, but by another entity that processes the data obtained through cookies.<\/p>\n<p>Technical cookies are used. Technical cookies are those essential and strictly necessary for the correct functioning of a web portal and the use of the different options and services it offers. For example, those that serve to maintain the session, manage response time, performance or validation of options, use security elements, share content with social networks, etc.<\/p>\n<p>Personalization cookies can also be used. These cookies allow the user to specify or customize some characteristics of the general options of the website. For example, define the language, regional settings or browser type.<\/p>\n<p>To allow, know, block or delete the cookies installed on your computer, you can do so by configuring the options of the browser installed on your computer. Below you will find information on how to perform this operation in the main browsers:<\/p>\n<p>Firefox from here: <a href=\"http:\/\/support.mozilla.org\/es\/kb\/habilitar-y-deshabilitar-cookies-que-los-sitios-we\" target=\"_blank\" rel=\"noopener\">http:\/\/support.mozilla.org\/es\/kb\/habilitar-y-deshabilitar-cookies-que-los-sitios-we<\/a><\/p>\n<p>Chrome from here: <a href=\"http:\/\/support.google.com\/chrome\/bin\/answer.py?hl=es&amp;answer=95647\" target=\"_blank\" rel=\"noopener\">http:\/\/support.google.com\/chrome\/bin\/answer.py?hl=es&amp;answer=95647<\/a><\/p>\n<p>Internet Explorer from here: <a href=\"https:\/\/support.microsoft.com\/es-es\/help\/17442\/windows-internet-explorer-delete-manage-cookies\" target=\"_blank\" rel=\"noopener\">https:\/\/support.microsoft.com\/es-es\/help\/17442\/windows-internet-explorer-delete-manage-cookies<\/a><\/p>\n<p>Safari from here: <a href=\"https:\/\/support.apple.com\/kb\/PH19214?viewlocale=es_ES&amp;locale=es_ES\" target=\"_blank\" rel=\"noopener\">https:\/\/support.apple.com\/kb\/PH19214?viewlocale=es_ES&amp;locale=es_ES<\/a><\/p>\n<p>Operate from here: <a href=\"http:\/\/help.opera.com\/Windows\/11.50\/es-ES\/cookies.html\" target=\"_blank\" rel=\"noopener\">http:\/\/help.opera.com\/Windows\/11.50\/es-ES\/cookies.html<\/a><\/p>\n<p>To comply with current legislation, we have to ask your permission to manage cookies. If you decide not to authorize the treatment by indicating your non-conformity, we would only use the cookies that are essential for browsing our website. In this case, we would not store any cookies.<\/p>\n<p><strong>Date of last publication: February 21, 2024<\/strong><\/p>","protected":false},"excerpt":{"rendered":"<p>Le informamos que esta p\u00e1gina web utiliza cookies t\u00e9cnicas de sesi\u00f3n. Las cookies son peque\u00f1os archivos que algunas plataformas, como las p\u00e1ginas web, pueden instalar en su ordenador. Sus funciones pueden ser muy variadas: almacenar sus preferencias de navegaci\u00f3n, recopilar informaci\u00f3n estad\u00edstica, permitir ciertas funcionalidades t\u00e9cnicas, etc. En ocasiones, las cookies se utilizan para almacenar [&hellip;]<\/p>","protected":false},"author":2,"featured_media":0,"parent":0,"menu_order":0,"comment_status":"closed","ping_status":"closed","template":"","meta":{"site-sidebar-layout":"default","site-content-layout":"","ast-site-content-layout":"default","site-content-style":"default","site-sidebar-style":"default","ast-global-header-display":"","ast-banner-title-visibility":"","ast-main-header-display":"","ast-hfb-above-header-display":"","ast-hfb-below-header-display":"","ast-hfb-mobile-header-display":"","site-post-title":"","ast-breadcrumbs-content":"","ast-featured-img":"","footer-sml-layout":"","theme-transparent-header-meta":"default","adv-header-id-meta":"","stick-header-meta":"default","header-above-stick-meta":"","header-main-stick-meta":"","header-below-stick-meta":"","astra-migrate-meta-layouts":"set","ast-page-background-enabled":"default","ast-page-background-meta":{"desktop":{"background-color":"","background-image":"","background-repeat":"repeat","background-position":"center center","background-size":"auto","background-attachment":"scroll","background-type":"","background-media":"","overlay-type":"","overlay-color":"","overlay-gradient":""},"tablet":{"background-color":"","background-image":"","background-repeat":"repeat","background-position":"center center","background-size":"auto","background-attachment":"scroll","background-type":"","background-media":"","overlay-type":"","overlay-color":"","overlay-gradient":""},"mobile":{"background-color":"","background-image":"","background-repeat":"repeat","background-position":"center center","background-size":"auto","background-attachment":"scroll","background-type":"","background-media":"","overlay-type":"","overlay-color":"","overlay-gradient":""}},"ast-content-background-meta":{"desktop":{"background-color":"var(--ast-global-color-5)","background-image":"","background-repeat":"repeat","background-position":"center center","background-size":"auto","background-attachment":"scroll","background-type":"","background-media":"","overlay-type":"","overlay-color":"","overlay-gradient":""},"tablet":{"background-color":"var(--ast-global-color-5)","background-image":"","background-repeat":"repeat","background-position":"center center","background-size":"auto","background-attachment":"scroll","background-type":"","background-media":"","overlay-type":"","overlay-color":"","overlay-gradient":""},"mobile":{"background-color":"var(--ast-global-color-5)","background-image":"","background-repeat":"repeat","background-position":"center center","background-size":"auto","background-attachment":"scroll","background-type":"","background-media":"","overlay-type":"","overlay-color":"","overlay-gradient":""}},"footnotes":""},"class_list":["post-1770","page","type-page","status-publish","hentry"],"_links":{"self":[{"href":"https:\/\/adsuarlegal.com\/en\/wp-json\/wp\/v2\/pages\/1770","targetHints":{"allow":["GET"]}}],"collection":[{"href":"https:\/\/adsuarlegal.com\/en\/wp-json\/wp\/v2\/pages"}],"about":[{"href":"https:\/\/adsuarlegal.com\/en\/wp-json\/wp\/v2\/types\/page"}],"author":[{"embeddable":true,"href":"https:\/\/adsuarlegal.com\/en\/wp-json\/wp\/v2\/users\/2"}],"replies":[{"embeddable":true,"href":"https:\/\/adsuarlegal.com\/en\/wp-json\/wp\/v2\/comments?post=1770"}],"version-history":[{"count":4,"href":"https:\/\/adsuarlegal.com\/en\/wp-json\/wp\/v2\/pages\/1770\/revisions"}],"predecessor-version":[{"id":2361,"href":"https:\/\/adsuarlegal.com\/en\/wp-json\/wp\/v2\/pages\/1770\/revisions\/2361"}],"wp:attachment":[{"href":"https:\/\/adsuarlegal.com\/en\/wp-json\/wp\/v2\/media?parent=1770"}],"curies":[{"name":"wp","href":"https:\/\/api.w.org\/{rel}","templated":true}]}}